{"id":3062,"date":"2025-02-12T16:37:18","date_gmt":"2025-02-12T15:37:18","guid":{"rendered":"https:\/\/es.ai-matters.eu\/?post_type=product&#038;p=3062"},"modified":"2026-05-08T00:59:48","modified_gmt":"2026-05-07T22:59:48","slug":"conceptual-design-simulation-solution-architecture-safety-analysis","status":"publish","type":"product","link":"https:\/\/es.ai-matters.eu\/en\/product\/conceptual-design-simulation-solution-architecture-safety-analysis\/","title":{"rendered":"Integrated Design &amp; Engineering Services for Robotic Solutions"},"content":{"rendered":"<p>End-to-end technical support for the development of robotic systems in handling, logistics, flexible automation, manufacturing, and quality control including:<br \/>\n\u2022   Conceptual Design: Defining system requirements and early-stage solutions tailored to industrial needs<br \/>\n\u2022   Simulation &amp; Modelling: Virtual testing and optimisation of robotic workflows and system performance<br \/>\n\u2022   Solution Architecture: Designing scalable, modular, and interoperable robotic systems<br \/>\n\u2022   Safety Analysis: Compliance with industrial safety standards and risk assessment<br \/>\n\u2022   Technical Advisory: Expert guidance across robotics, automation, and integration<br \/>\nWe support the development of adaptable, efficient, and safe robotic systems, from concept to deployment, enabling innovation and operational excellence in industrial environments.<\/p>\n","protected":false},"excerpt":{"rendered":"<p>End-to-end technical support for the development of robotic systems in handling, logistics, flexible automation, manufacturing, and quality control including: \u2022 Conceptual Design: Defining system requirements and early-stage solutions tailored to industrial needs \u2022 Simulation &amp; Modelling: Virtual testing and optimisation of robotic workflows and system performance \u2022 Solution Architecture: Designing scalable, modular, and interoperable robotic [&hellip;]<\/p>\n","protected":false},"featured_media":7532,"comment_status":"open","ping_status":"closed","template":"","meta":{"_acf_changed":false},"product_brand":[],"product_cat":[116],"product_tag":[108],"class_list":{"0":"post-3062","1":"product","2":"type-product","3":"status-publish","4":"has-post-thumbnail","6":"product_cat-ai-matters-services","7":"product_tag-spain","9":"first","10":"instock","11":"shipping-taxable","12":"product-type-simple"},"acf":[],"yoast_head":"<!-- This site is optimized with the Yoast SEO plugin v27.2 - https:\/\/yoast.com\/product\/yoast-seo-wordpress\/ -->\n<title>Integrated Design &amp; Engineering Services for Robotic Solutions - AI Matters<\/title>\n<meta name=\"robots\" content=\"index, follow, max-snippet:-1, max-image-preview:large, max-video-preview:-1\" \/>\n<link rel=\"canonical\" href=\"https:\/\/es.ai-matters.eu\/en\/product\/conceptual-design-simulation-solution-architecture-safety-analysis\/\" \/>\n<meta property=\"og:locale\" content=\"en_US\" \/>\n<meta property=\"og:type\" content=\"article\" \/>\n<meta property=\"og:title\" content=\"Integrated Design &amp; Engineering Services for Robotic Solutions - AI Matters\" \/>\n<meta property=\"og:description\" content=\"End-to-end technical support for the development of robotic systems in handling, logistics, flexible automation, manufacturing, and quality control including: \u2022 Conceptual Design: Defining system requirements and early-stage solutions tailored to industrial needs \u2022 Simulation &amp; Modelling: Virtual testing and optimisation of robotic workflows and system performance \u2022 Solution Architecture: Designing scalable, modular, and interoperable robotic [&hellip;]\" \/>\n<meta property=\"og:url\" content=\"https:\/\/es.ai-matters.eu\/en\/product\/conceptual-design-simulation-solution-architecture-safety-analysis\/\" \/>\n<meta property=\"og:site_name\" content=\"AI Matters\" \/>\n<meta property=\"article:modified_time\" content=\"2026-05-07T22:59:48+00:00\" \/>\n<meta property=\"og:image\" content=\"https:\/\/es.ai-matters.eu\/wp-content\/uploads\/2026\/04\/Service20SPA72TE20-20Conceptual20design2C20simulation2C20solution20architecture2C20safety20analysis.webp\" \/>\n\t<meta property=\"og:image:width\" content=\"600\" \/>\n\t<meta property=\"og:image:height\" content=\"400\" \/>\n\t<meta property=\"og:image:type\" content=\"image\/webp\" \/>\n<meta name=\"twitter:card\" content=\"summary_large_image\" \/>\n<script type=\"application\/ld+json\" class=\"yoast-schema-graph\">{\"@context\":\"https:\/\/schema.org\",\"@graph\":[{\"@type\":\"WebPage\",\"@id\":\"https:\/\/es.ai-matters.eu\/en\/product\/conceptual-design-simulation-solution-architecture-safety-analysis\/\",\"url\":\"https:\/\/es.ai-matters.eu\/en\/product\/conceptual-design-simulation-solution-architecture-safety-analysis\/\",\"name\":\"Integrated Design &amp; Engineering Services for Robotic Solutions - AI Matters\",\"isPartOf\":{\"@id\":\"https:\/\/es.ai-matters.eu\/en\/#website\"},\"primaryImageOfPage\":{\"@id\":\"https:\/\/es.ai-matters.eu\/en\/product\/conceptual-design-simulation-solution-architecture-safety-analysis\/#primaryimage\"},\"image\":{\"@id\":\"https:\/\/es.ai-matters.eu\/en\/product\/conceptual-design-simulation-solution-architecture-safety-analysis\/#primaryimage\"},\"thumbnailUrl\":\"https:\/\/es.ai-matters.eu\/wp-content\/uploads\/2026\/04\/Service20SPA72TE20-20Conceptual20design2C20simulation2C20solution20architecture2C20safety20analysis-32.webp\",\"datePublished\":\"2025-02-12T15:37:18+00:00\",\"dateModified\":\"2026-05-07T22:59:48+00:00\",\"breadcrumb\":{\"@id\":\"https:\/\/es.ai-matters.eu\/en\/product\/conceptual-design-simulation-solution-architecture-safety-analysis\/#breadcrumb\"},\"inLanguage\":\"en-US\",\"potentialAction\":[{\"@type\":\"ReadAction\",\"target\":[\"https:\/\/es.ai-matters.eu\/en\/product\/conceptual-design-simulation-solution-architecture-safety-analysis\/\"]}]},{\"@type\":\"ImageObject\",\"inLanguage\":\"en-US\",\"@id\":\"https:\/\/es.ai-matters.eu\/en\/product\/conceptual-design-simulation-solution-architecture-safety-analysis\/#primaryimage\",\"url\":\"https:\/\/es.ai-matters.eu\/wp-content\/uploads\/2026\/04\/Service20SPA72TE20-20Conceptual20design2C20simulation2C20solution20architecture2C20safety20analysis-32.webp\",\"contentUrl\":\"https:\/\/es.ai-matters.eu\/wp-content\/uploads\/2026\/04\/Service20SPA72TE20-20Conceptual20design2C20simulation2C20solution20architecture2C20safety20analysis-32.webp\",\"width\":600,\"height\":400,\"caption\":\"Conceptual design, simulation, solution architecture, safety analysis\"},{\"@type\":\"BreadcrumbList\",\"@id\":\"https:\/\/es.ai-matters.eu\/en\/product\/conceptual-design-simulation-solution-architecture-safety-analysis\/#breadcrumb\",\"itemListElement\":[{\"@type\":\"ListItem\",\"position\":1,\"name\":\"Accueil\",\"item\":\"https:\/\/es.ai-matters.eu\/en\/\"},{\"@type\":\"ListItem\",\"position\":2,\"name\":\"Shop\",\"item\":\"https:\/\/es.ai-matters.eu\/shop\/\"},{\"@type\":\"ListItem\",\"position\":3,\"name\":\"Integrated Design &amp; Engineering Services for Robotic Solutions\"}]},{\"@type\":\"WebSite\",\"@id\":\"https:\/\/es.ai-matters.eu\/en\/#website\",\"url\":\"https:\/\/es.ai-matters.eu\/en\/\",\"name\":\"AI Matters\",\"description\":\"\",\"publisher\":{\"@id\":\"https:\/\/es.ai-matters.eu\/en\/#organization\"},\"potentialAction\":[{\"@type\":\"SearchAction\",\"target\":{\"@type\":\"EntryPoint\",\"urlTemplate\":\"https:\/\/es.ai-matters.eu\/en\/?s={search_term_string}\"},\"query-input\":{\"@type\":\"PropertyValueSpecification\",\"valueRequired\":true,\"valueName\":\"search_term_string\"}}],\"inLanguage\":\"en-US\"},{\"@type\":\"Organization\",\"@id\":\"https:\/\/es.ai-matters.eu\/en\/#organization\",\"name\":\"AI Matters\",\"url\":\"https:\/\/es.ai-matters.eu\/en\/\",\"logo\":{\"@type\":\"ImageObject\",\"inLanguage\":\"en-US\",\"@id\":\"https:\/\/es.ai-matters.eu\/en\/#\/schema\/logo\/image\/\",\"url\":\"https:\/\/es.ai-matters.eu\/wp-content\/uploads\/2023\/03\/Ai-matters-logo.png\",\"contentUrl\":\"https:\/\/es.ai-matters.eu\/wp-content\/uploads\/2023\/03\/Ai-matters-logo.png\",\"width\":1221,\"height\":699,\"caption\":\"AI Matters\"},\"image\":{\"@id\":\"https:\/\/es.ai-matters.eu\/en\/#\/schema\/logo\/image\/\"}}]}<\/script>\n<!-- \/ Yoast SEO plugin. -->","yoast_head_json":{"title":"Integrated Design &amp; Engineering Services for Robotic Solutions - AI Matters","robots":{"index":"index","follow":"follow","max-snippet":"max-snippet:-1","max-image-preview":"max-image-preview:large","max-video-preview":"max-video-preview:-1"},"canonical":"https:\/\/es.ai-matters.eu\/en\/product\/conceptual-design-simulation-solution-architecture-safety-analysis\/","og_locale":"en_US","og_type":"article","og_title":"Integrated Design &amp; Engineering Services for Robotic Solutions - AI Matters","og_description":"End-to-end technical support for the development of robotic systems in handling, logistics, flexible automation, manufacturing, and quality control including: \u2022 Conceptual Design: Defining system requirements and early-stage solutions tailored to industrial needs \u2022 Simulation &amp; Modelling: Virtual testing and optimisation of robotic workflows and system performance \u2022 Solution Architecture: Designing scalable, modular, and interoperable robotic [&hellip;]","og_url":"https:\/\/es.ai-matters.eu\/en\/product\/conceptual-design-simulation-solution-architecture-safety-analysis\/","og_site_name":"AI Matters","article_modified_time":"2026-05-07T22:59:48+00:00","og_image":[{"width":600,"height":400,"url":"https:\/\/es.ai-matters.eu\/wp-content\/uploads\/2026\/04\/Service20SPA72TE20-20Conceptual20design2C20simulation2C20solution20architecture2C20safety20analysis.webp","type":"image\/webp"}],"twitter_card":"summary_large_image","schema":{"@context":"https:\/\/schema.org","@graph":[{"@type":"WebPage","@id":"https:\/\/es.ai-matters.eu\/en\/product\/conceptual-design-simulation-solution-architecture-safety-analysis\/","url":"https:\/\/es.ai-matters.eu\/en\/product\/conceptual-design-simulation-solution-architecture-safety-analysis\/","name":"Integrated Design &amp; Engineering Services for Robotic Solutions - AI Matters","isPartOf":{"@id":"https:\/\/es.ai-matters.eu\/en\/#website"},"primaryImageOfPage":{"@id":"https:\/\/es.ai-matters.eu\/en\/product\/conceptual-design-simulation-solution-architecture-safety-analysis\/#primaryimage"},"image":{"@id":"https:\/\/es.ai-matters.eu\/en\/product\/conceptual-design-simulation-solution-architecture-safety-analysis\/#primaryimage"},"thumbnailUrl":"https:\/\/es.ai-matters.eu\/wp-content\/uploads\/2026\/04\/Service20SPA72TE20-20Conceptual20design2C20simulation2C20solution20architecture2C20safety20analysis-32.webp","datePublished":"2025-02-12T15:37:18+00:00","dateModified":"2026-05-07T22:59:48+00:00","breadcrumb":{"@id":"https:\/\/es.ai-matters.eu\/en\/product\/conceptual-design-simulation-solution-architecture-safety-analysis\/#breadcrumb"},"inLanguage":"en-US","potentialAction":[{"@type":"ReadAction","target":["https:\/\/es.ai-matters.eu\/en\/product\/conceptual-design-simulation-solution-architecture-safety-analysis\/"]}]},{"@type":"ImageObject","inLanguage":"en-US","@id":"https:\/\/es.ai-matters.eu\/en\/product\/conceptual-design-simulation-solution-architecture-safety-analysis\/#primaryimage","url":"https:\/\/es.ai-matters.eu\/wp-content\/uploads\/2026\/04\/Service20SPA72TE20-20Conceptual20design2C20simulation2C20solution20architecture2C20safety20analysis-32.webp","contentUrl":"https:\/\/es.ai-matters.eu\/wp-content\/uploads\/2026\/04\/Service20SPA72TE20-20Conceptual20design2C20simulation2C20solution20architecture2C20safety20analysis-32.webp","width":600,"height":400,"caption":"Conceptual design, simulation, solution architecture, safety analysis"},{"@type":"BreadcrumbList","@id":"https:\/\/es.ai-matters.eu\/en\/product\/conceptual-design-simulation-solution-architecture-safety-analysis\/#breadcrumb","itemListElement":[{"@type":"ListItem","position":1,"name":"Accueil","item":"https:\/\/es.ai-matters.eu\/en\/"},{"@type":"ListItem","position":2,"name":"Shop","item":"https:\/\/es.ai-matters.eu\/shop\/"},{"@type":"ListItem","position":3,"name":"Integrated Design &amp; Engineering Services for Robotic Solutions"}]},{"@type":"WebSite","@id":"https:\/\/es.ai-matters.eu\/en\/#website","url":"https:\/\/es.ai-matters.eu\/en\/","name":"AI Matters","description":"","publisher":{"@id":"https:\/\/es.ai-matters.eu\/en\/#organization"},"potentialAction":[{"@type":"SearchAction","target":{"@type":"EntryPoint","urlTemplate":"https:\/\/es.ai-matters.eu\/en\/?s={search_term_string}"},"query-input":{"@type":"PropertyValueSpecification","valueRequired":true,"valueName":"search_term_string"}}],"inLanguage":"en-US"},{"@type":"Organization","@id":"https:\/\/es.ai-matters.eu\/en\/#organization","name":"AI Matters","url":"https:\/\/es.ai-matters.eu\/en\/","logo":{"@type":"ImageObject","inLanguage":"en-US","@id":"https:\/\/es.ai-matters.eu\/en\/#\/schema\/logo\/image\/","url":"https:\/\/es.ai-matters.eu\/wp-content\/uploads\/2023\/03\/Ai-matters-logo.png","contentUrl":"https:\/\/es.ai-matters.eu\/wp-content\/uploads\/2023\/03\/Ai-matters-logo.png","width":1221,"height":699,"caption":"AI Matters"},"image":{"@id":"https:\/\/es.ai-matters.eu\/en\/#\/schema\/logo\/image\/"}}]}},"wpml_current_locale":"en_US","wpml_translations":{"es_ES":{"locale":"es_ES","id":2989,"slug":"diseno-conceptual-simulacion-arquitectura-de-solucion-analisis-de-seguridad","post_title":"Servicios integrados de dise\u00f1o e ingenier\u00eda para soluciones rob\u00f3ticas","href":"https:\/\/es.ai-matters.eu\/product\/diseno-conceptual-simulacion-arquitectura-de-solucion-analisis-de-seguridad\/"}},"_links":{"self":[{"href":"https:\/\/es.ai-matters.eu\/en\/wp-json\/wp\/v2\/product\/3062","targetHints":{"allow":["GET"]}}],"collection":[{"href":"https:\/\/es.ai-matters.eu\/en\/wp-json\/wp\/v2\/product"}],"about":[{"href":"https:\/\/es.ai-matters.eu\/en\/wp-json\/wp\/v2\/types\/product"}],"replies":[{"embeddable":true,"href":"https:\/\/es.ai-matters.eu\/en\/wp-json\/wp\/v2\/comments?post=3062"}],"wp:featuredmedia":[{"embeddable":true,"href":"https:\/\/es.ai-matters.eu\/en\/wp-json\/wp\/v2\/media\/7532"}],"wp:attachment":[{"href":"https:\/\/es.ai-matters.eu\/en\/wp-json\/wp\/v2\/media?parent=3062"}],"wp:term":[{"taxonomy":"product_brand","embeddable":true,"href":"https:\/\/es.ai-matters.eu\/en\/wp-json\/wp\/v2\/product_brand?post=3062"},{"taxonomy":"product_cat","embeddable":true,"href":"https:\/\/es.ai-matters.eu\/en\/wp-json\/wp\/v2\/product_cat?post=3062"},{"taxonomy":"product_tag","embeddable":true,"href":"https:\/\/es.ai-matters.eu\/en\/wp-json\/wp\/v2\/product_tag?post=3062"}],"curies":[{"name":"wp","href":"https:\/\/api.w.org\/{rel}","templated":true}]}}