{"id":3058,"date":"2025-02-12T16:37:18","date_gmt":"2025-02-12T15:37:18","guid":{"rendered":"https:\/\/es.ai-matters.eu\/?post_type=product&#038;p=3058"},"modified":"2026-05-08T00:58:22","modified_gmt":"2026-05-07T22:58:22","slug":"checking-the-integrity-and-defects-of-parts-with-robots-and-3d-vision-ultrasonic-techniques-and-thermography","status":"publish","type":"product","link":"https:\/\/es.ai-matters.eu\/en\/product\/checking-the-integrity-and-defects-of-parts-with-robots-and-3d-vision-ultrasonic-techniques-and-thermography\/","title":{"rendered":"Robotic Integrity Inspection with 3D Vision, Ultrasonics, and Thermography"},"content":{"rendered":"<p>Automated, high-precision inspection using robotic systems with 3D vision, ultrasonic, and thermographic technologies. Detect internal and surface defects\u2014including cracks, porosity, and delamination\u2014in metallic and non-metallic materials. Our solutions are compliant, data-driven, and easily integrated with existing robotic platforms to improve reliability and probability of detection (POD).<\/p>\n","protected":false},"excerpt":{"rendered":"<p>Automated, high-precision inspection using robotic systems with 3D vision, ultrasonic, and thermographic technologies. Detect internal and surface defects\u2014including cracks, porosity, and delamination\u2014in metallic and non-metallic materials. Our solutions are compliant, data-driven, and easily integrated with existing robotic platforms to improve reliability and probability of detection (POD).<\/p>\n","protected":false},"featured_media":7526,"comment_status":"open","ping_status":"closed","template":"","meta":{"_acf_changed":false},"product_brand":[],"product_cat":[116],"product_tag":[108],"class_list":{"0":"post-3058","1":"product","2":"type-product","3":"status-publish","4":"has-post-thumbnail","6":"product_cat-ai-matters-services","7":"product_tag-spain","9":"first","10":"instock","11":"shipping-taxable","12":"product-type-simple"},"acf":[],"yoast_head":"<!-- This site is optimized with the Yoast SEO plugin v27.2 - https:\/\/yoast.com\/product\/yoast-seo-wordpress\/ -->\n<title>Robotic Integrity Inspection with 3D Vision, Ultrasonics, and Thermography - AI Matters<\/title>\n<meta name=\"robots\" content=\"index, follow, max-snippet:-1, max-image-preview:large, max-video-preview:-1\" \/>\n<link rel=\"canonical\" href=\"https:\/\/es.ai-matters.eu\/en\/product\/checking-the-integrity-and-defects-of-parts-with-robots-and-3d-vision-ultrasonic-techniques-and-thermography\/\" \/>\n<meta property=\"og:locale\" content=\"en_US\" \/>\n<meta property=\"og:type\" content=\"article\" \/>\n<meta property=\"og:title\" content=\"Robotic Integrity Inspection with 3D Vision, Ultrasonics, and Thermography - AI Matters\" \/>\n<meta property=\"og:description\" content=\"Automated, high-precision inspection using robotic systems with 3D vision, ultrasonic, and thermographic technologies. Detect internal and surface defects\u2014including cracks, porosity, and delamination\u2014in metallic and non-metallic materials. Our solutions are compliant, data-driven, and easily integrated with existing robotic platforms to improve reliability and probability of detection (POD).\" \/>\n<meta property=\"og:url\" content=\"https:\/\/es.ai-matters.eu\/en\/product\/checking-the-integrity-and-defects-of-parts-with-robots-and-3d-vision-ultrasonic-techniques-and-thermography\/\" \/>\n<meta property=\"og:site_name\" content=\"AI Matters\" \/>\n<meta property=\"article:modified_time\" content=\"2026-05-07T22:58:22+00:00\" \/>\n<meta property=\"og:image\" content=\"https:\/\/es.ai-matters.eu\/wp-content\/uploads\/2026\/04\/Service20SPA68TE20-20Checking20the20integrity20and20defects20of20parts20with20robots20and203D20vision2C20ultrasonic20techniques20and20thermogr.webp\" \/>\n\t<meta property=\"og:image:width\" content=\"600\" \/>\n\t<meta property=\"og:image:height\" content=\"400\" \/>\n\t<meta property=\"og:image:type\" content=\"image\/webp\" \/>\n<meta name=\"twitter:card\" content=\"summary_large_image\" \/>\n<script type=\"application\/ld+json\" class=\"yoast-schema-graph\">{\"@context\":\"https:\/\/schema.org\",\"@graph\":[{\"@type\":\"WebPage\",\"@id\":\"https:\/\/es.ai-matters.eu\/en\/product\/checking-the-integrity-and-defects-of-parts-with-robots-and-3d-vision-ultrasonic-techniques-and-thermography\/\",\"url\":\"https:\/\/es.ai-matters.eu\/en\/product\/checking-the-integrity-and-defects-of-parts-with-robots-and-3d-vision-ultrasonic-techniques-and-thermography\/\",\"name\":\"Robotic Integrity Inspection with 3D Vision, Ultrasonics, and Thermography - AI Matters\",\"isPartOf\":{\"@id\":\"https:\/\/es.ai-matters.eu\/en\/#website\"},\"primaryImageOfPage\":{\"@id\":\"https:\/\/es.ai-matters.eu\/en\/product\/checking-the-integrity-and-defects-of-parts-with-robots-and-3d-vision-ultrasonic-techniques-and-thermography\/#primaryimage\"},\"image\":{\"@id\":\"https:\/\/es.ai-matters.eu\/en\/product\/checking-the-integrity-and-defects-of-parts-with-robots-and-3d-vision-ultrasonic-techniques-and-thermography\/#primaryimage\"},\"thumbnailUrl\":\"https:\/\/es.ai-matters.eu\/wp-content\/uploads\/2026\/04\/Service20SPA68TE20-20Checking20the20integrity20and20defects20of20parts20with20robots20and203D20vision2C20ultrasonic20techniques20and20thermogr-32.webp\",\"datePublished\":\"2025-02-12T15:37:18+00:00\",\"dateModified\":\"2026-05-07T22:58:22+00:00\",\"breadcrumb\":{\"@id\":\"https:\/\/es.ai-matters.eu\/en\/product\/checking-the-integrity-and-defects-of-parts-with-robots-and-3d-vision-ultrasonic-techniques-and-thermography\/#breadcrumb\"},\"inLanguage\":\"en-US\",\"potentialAction\":[{\"@type\":\"ReadAction\",\"target\":[\"https:\/\/es.ai-matters.eu\/en\/product\/checking-the-integrity-and-defects-of-parts-with-robots-and-3d-vision-ultrasonic-techniques-and-thermography\/\"]}]},{\"@type\":\"ImageObject\",\"inLanguage\":\"en-US\",\"@id\":\"https:\/\/es.ai-matters.eu\/en\/product\/checking-the-integrity-and-defects-of-parts-with-robots-and-3d-vision-ultrasonic-techniques-and-thermography\/#primaryimage\",\"url\":\"https:\/\/es.ai-matters.eu\/wp-content\/uploads\/2026\/04\/Service20SPA68TE20-20Checking20the20integrity20and20defects20of20parts20with20robots20and203D20vision2C20ultrasonic20techniques20and20thermogr-32.webp\",\"contentUrl\":\"https:\/\/es.ai-matters.eu\/wp-content\/uploads\/2026\/04\/Service20SPA68TE20-20Checking20the20integrity20and20defects20of20parts20with20robots20and203D20vision2C20ultrasonic20techniques20and20thermogr-32.webp\",\"width\":600,\"height\":400,\"caption\":\"Checking the integrity and defects of parts with robots and 3D vision, ultrasonic techniques and thermogr\"},{\"@type\":\"BreadcrumbList\",\"@id\":\"https:\/\/es.ai-matters.eu\/en\/product\/checking-the-integrity-and-defects-of-parts-with-robots-and-3d-vision-ultrasonic-techniques-and-thermography\/#breadcrumb\",\"itemListElement\":[{\"@type\":\"ListItem\",\"position\":1,\"name\":\"Accueil\",\"item\":\"https:\/\/es.ai-matters.eu\/en\/\"},{\"@type\":\"ListItem\",\"position\":2,\"name\":\"Shop\",\"item\":\"https:\/\/es.ai-matters.eu\/shop\/\"},{\"@type\":\"ListItem\",\"position\":3,\"name\":\"Robotic Integrity Inspection with 3D Vision, Ultrasonics, and Thermography\"}]},{\"@type\":\"WebSite\",\"@id\":\"https:\/\/es.ai-matters.eu\/en\/#website\",\"url\":\"https:\/\/es.ai-matters.eu\/en\/\",\"name\":\"AI Matters\",\"description\":\"\",\"publisher\":{\"@id\":\"https:\/\/es.ai-matters.eu\/en\/#organization\"},\"potentialAction\":[{\"@type\":\"SearchAction\",\"target\":{\"@type\":\"EntryPoint\",\"urlTemplate\":\"https:\/\/es.ai-matters.eu\/en\/?s={search_term_string}\"},\"query-input\":{\"@type\":\"PropertyValueSpecification\",\"valueRequired\":true,\"valueName\":\"search_term_string\"}}],\"inLanguage\":\"en-US\"},{\"@type\":\"Organization\",\"@id\":\"https:\/\/es.ai-matters.eu\/en\/#organization\",\"name\":\"AI Matters\",\"url\":\"https:\/\/es.ai-matters.eu\/en\/\",\"logo\":{\"@type\":\"ImageObject\",\"inLanguage\":\"en-US\",\"@id\":\"https:\/\/es.ai-matters.eu\/en\/#\/schema\/logo\/image\/\",\"url\":\"https:\/\/es.ai-matters.eu\/wp-content\/uploads\/2023\/03\/Ai-matters-logo.png\",\"contentUrl\":\"https:\/\/es.ai-matters.eu\/wp-content\/uploads\/2023\/03\/Ai-matters-logo.png\",\"width\":1221,\"height\":699,\"caption\":\"AI Matters\"},\"image\":{\"@id\":\"https:\/\/es.ai-matters.eu\/en\/#\/schema\/logo\/image\/\"}}]}<\/script>\n<!-- \/ Yoast SEO plugin. -->","yoast_head_json":{"title":"Robotic Integrity Inspection with 3D Vision, Ultrasonics, and Thermography - AI Matters","robots":{"index":"index","follow":"follow","max-snippet":"max-snippet:-1","max-image-preview":"max-image-preview:large","max-video-preview":"max-video-preview:-1"},"canonical":"https:\/\/es.ai-matters.eu\/en\/product\/checking-the-integrity-and-defects-of-parts-with-robots-and-3d-vision-ultrasonic-techniques-and-thermography\/","og_locale":"en_US","og_type":"article","og_title":"Robotic Integrity Inspection with 3D Vision, Ultrasonics, and Thermography - AI Matters","og_description":"Automated, high-precision inspection using robotic systems with 3D vision, ultrasonic, and thermographic technologies. Detect internal and surface defects\u2014including cracks, porosity, and delamination\u2014in metallic and non-metallic materials. Our solutions are compliant, data-driven, and easily integrated with existing robotic platforms to improve reliability and probability of detection (POD).","og_url":"https:\/\/es.ai-matters.eu\/en\/product\/checking-the-integrity-and-defects-of-parts-with-robots-and-3d-vision-ultrasonic-techniques-and-thermography\/","og_site_name":"AI Matters","article_modified_time":"2026-05-07T22:58:22+00:00","og_image":[{"width":600,"height":400,"url":"https:\/\/es.ai-matters.eu\/wp-content\/uploads\/2026\/04\/Service20SPA68TE20-20Checking20the20integrity20and20defects20of20parts20with20robots20and203D20vision2C20ultrasonic20techniques20and20thermogr.webp","type":"image\/webp"}],"twitter_card":"summary_large_image","schema":{"@context":"https:\/\/schema.org","@graph":[{"@type":"WebPage","@id":"https:\/\/es.ai-matters.eu\/en\/product\/checking-the-integrity-and-defects-of-parts-with-robots-and-3d-vision-ultrasonic-techniques-and-thermography\/","url":"https:\/\/es.ai-matters.eu\/en\/product\/checking-the-integrity-and-defects-of-parts-with-robots-and-3d-vision-ultrasonic-techniques-and-thermography\/","name":"Robotic Integrity Inspection with 3D Vision, Ultrasonics, and Thermography - AI Matters","isPartOf":{"@id":"https:\/\/es.ai-matters.eu\/en\/#website"},"primaryImageOfPage":{"@id":"https:\/\/es.ai-matters.eu\/en\/product\/checking-the-integrity-and-defects-of-parts-with-robots-and-3d-vision-ultrasonic-techniques-and-thermography\/#primaryimage"},"image":{"@id":"https:\/\/es.ai-matters.eu\/en\/product\/checking-the-integrity-and-defects-of-parts-with-robots-and-3d-vision-ultrasonic-techniques-and-thermography\/#primaryimage"},"thumbnailUrl":"https:\/\/es.ai-matters.eu\/wp-content\/uploads\/2026\/04\/Service20SPA68TE20-20Checking20the20integrity20and20defects20of20parts20with20robots20and203D20vision2C20ultrasonic20techniques20and20thermogr-32.webp","datePublished":"2025-02-12T15:37:18+00:00","dateModified":"2026-05-07T22:58:22+00:00","breadcrumb":{"@id":"https:\/\/es.ai-matters.eu\/en\/product\/checking-the-integrity-and-defects-of-parts-with-robots-and-3d-vision-ultrasonic-techniques-and-thermography\/#breadcrumb"},"inLanguage":"en-US","potentialAction":[{"@type":"ReadAction","target":["https:\/\/es.ai-matters.eu\/en\/product\/checking-the-integrity-and-defects-of-parts-with-robots-and-3d-vision-ultrasonic-techniques-and-thermography\/"]}]},{"@type":"ImageObject","inLanguage":"en-US","@id":"https:\/\/es.ai-matters.eu\/en\/product\/checking-the-integrity-and-defects-of-parts-with-robots-and-3d-vision-ultrasonic-techniques-and-thermography\/#primaryimage","url":"https:\/\/es.ai-matters.eu\/wp-content\/uploads\/2026\/04\/Service20SPA68TE20-20Checking20the20integrity20and20defects20of20parts20with20robots20and203D20vision2C20ultrasonic20techniques20and20thermogr-32.webp","contentUrl":"https:\/\/es.ai-matters.eu\/wp-content\/uploads\/2026\/04\/Service20SPA68TE20-20Checking20the20integrity20and20defects20of20parts20with20robots20and203D20vision2C20ultrasonic20techniques20and20thermogr-32.webp","width":600,"height":400,"caption":"Checking the integrity and defects of parts with robots and 3D vision, ultrasonic techniques and thermogr"},{"@type":"BreadcrumbList","@id":"https:\/\/es.ai-matters.eu\/en\/product\/checking-the-integrity-and-defects-of-parts-with-robots-and-3d-vision-ultrasonic-techniques-and-thermography\/#breadcrumb","itemListElement":[{"@type":"ListItem","position":1,"name":"Accueil","item":"https:\/\/es.ai-matters.eu\/en\/"},{"@type":"ListItem","position":2,"name":"Shop","item":"https:\/\/es.ai-matters.eu\/shop\/"},{"@type":"ListItem","position":3,"name":"Robotic Integrity Inspection with 3D Vision, Ultrasonics, and Thermography"}]},{"@type":"WebSite","@id":"https:\/\/es.ai-matters.eu\/en\/#website","url":"https:\/\/es.ai-matters.eu\/en\/","name":"AI Matters","description":"","publisher":{"@id":"https:\/\/es.ai-matters.eu\/en\/#organization"},"potentialAction":[{"@type":"SearchAction","target":{"@type":"EntryPoint","urlTemplate":"https:\/\/es.ai-matters.eu\/en\/?s={search_term_string}"},"query-input":{"@type":"PropertyValueSpecification","valueRequired":true,"valueName":"search_term_string"}}],"inLanguage":"en-US"},{"@type":"Organization","@id":"https:\/\/es.ai-matters.eu\/en\/#organization","name":"AI Matters","url":"https:\/\/es.ai-matters.eu\/en\/","logo":{"@type":"ImageObject","inLanguage":"en-US","@id":"https:\/\/es.ai-matters.eu\/en\/#\/schema\/logo\/image\/","url":"https:\/\/es.ai-matters.eu\/wp-content\/uploads\/2023\/03\/Ai-matters-logo.png","contentUrl":"https:\/\/es.ai-matters.eu\/wp-content\/uploads\/2023\/03\/Ai-matters-logo.png","width":1221,"height":699,"caption":"AI Matters"},"image":{"@id":"https:\/\/es.ai-matters.eu\/en\/#\/schema\/logo\/image\/"}}]}},"wpml_current_locale":"en_US","wpml_translations":{"es_ES":{"locale":"es_ES","id":2985,"slug":"comprobacion-de-la-integridad-y-defectos-de-piezas-con-robots-y-vision-3d-tecnicas-ultrasonicas-y-termografia","post_title":"Inspecci\u00f3n de integridad rob\u00f3tica con visi\u00f3n 3D, ultrasonidos y termograf\u00eda","href":"https:\/\/es.ai-matters.eu\/product\/comprobacion-de-la-integridad-y-defectos-de-piezas-con-robots-y-vision-3d-tecnicas-ultrasonicas-y-termografia\/"}},"_links":{"self":[{"href":"https:\/\/es.ai-matters.eu\/en\/wp-json\/wp\/v2\/product\/3058","targetHints":{"allow":["GET"]}}],"collection":[{"href":"https:\/\/es.ai-matters.eu\/en\/wp-json\/wp\/v2\/product"}],"about":[{"href":"https:\/\/es.ai-matters.eu\/en\/wp-json\/wp\/v2\/types\/product"}],"replies":[{"embeddable":true,"href":"https:\/\/es.ai-matters.eu\/en\/wp-json\/wp\/v2\/comments?post=3058"}],"wp:featuredmedia":[{"embeddable":true,"href":"https:\/\/es.ai-matters.eu\/en\/wp-json\/wp\/v2\/media\/7526"}],"wp:attachment":[{"href":"https:\/\/es.ai-matters.eu\/en\/wp-json\/wp\/v2\/media?parent=3058"}],"wp:term":[{"taxonomy":"product_brand","embeddable":true,"href":"https:\/\/es.ai-matters.eu\/en\/wp-json\/wp\/v2\/product_brand?post=3058"},{"taxonomy":"product_cat","embeddable":true,"href":"https:\/\/es.ai-matters.eu\/en\/wp-json\/wp\/v2\/product_cat?post=3058"},{"taxonomy":"product_tag","embeddable":true,"href":"https:\/\/es.ai-matters.eu\/en\/wp-json\/wp\/v2\/product_tag?post=3058"}],"curies":[{"name":"wp","href":"https:\/\/api.w.org\/{rel}","templated":true}]}}