{"id":3040,"date":"2025-02-12T16:37:17","date_gmt":"2025-02-12T15:37:17","guid":{"rendered":"https:\/\/es.ai-matters.eu\/?post_type=product&#038;p=3040"},"modified":"2026-05-08T00:49:09","modified_gmt":"2026-05-07T22:49:09","slug":"automatic-or-easy-programming-of-robotic-cells","status":"publish","type":"product","link":"https:\/\/es.ai-matters.eu\/en\/product\/automatic-or-easy-programming-of-robotic-cells\/","title":{"rendered":"Automatic or easy programming of robotic cells"},"content":{"rendered":"<p>Starting from a digitalised work environment in which CAD models are available, an operator, with no specific training in robot programming can enter information about the operations to be carried out, that are interpreted by a simple skills-based programming environment that reads from the CAD and generates the robot program automatically.<\/p>\n","protected":false},"excerpt":{"rendered":"<p>Starting from a digitalised work environment in which CAD models are available, an operator, with no specific training in robot programming can enter information about the operations to be carried out, that are interpreted by a simple skills-based programming environment that reads from the CAD and generates the robot program automatically.<\/p>\n","protected":false},"featured_media":7496,"comment_status":"open","ping_status":"closed","template":"","meta":{"_acf_changed":false},"product_brand":[],"product_cat":[116],"product_tag":[108],"class_list":{"0":"post-3040","1":"product","2":"type-product","3":"status-publish","4":"has-post-thumbnail","6":"product_cat-ai-matters-services","7":"product_tag-spain","9":"first","10":"instock","11":"shipping-taxable","12":"product-type-simple"},"acf":[],"yoast_head":"<!-- This site is optimized with the Yoast SEO plugin v27.2 - https:\/\/yoast.com\/product\/yoast-seo-wordpress\/ -->\n<title>Automatic or easy programming of robotic cells - AI Matters<\/title>\n<meta name=\"robots\" content=\"index, follow, max-snippet:-1, max-image-preview:large, max-video-preview:-1\" \/>\n<link rel=\"canonical\" href=\"https:\/\/es.ai-matters.eu\/en\/product\/automatic-or-easy-programming-of-robotic-cells\/\" \/>\n<meta property=\"og:locale\" content=\"en_US\" \/>\n<meta property=\"og:type\" content=\"article\" \/>\n<meta property=\"og:title\" content=\"Automatic or easy programming of robotic cells - AI Matters\" \/>\n<meta property=\"og:description\" content=\"Starting from a digitalised work environment in which CAD models are available, an operator, with no specific training in robot programming can enter information about the operations to be carried out, that are interpreted by a simple skills-based programming environment that reads from the CAD and generates the robot program automatically.\" \/>\n<meta property=\"og:url\" content=\"https:\/\/es.ai-matters.eu\/en\/product\/automatic-or-easy-programming-of-robotic-cells\/\" \/>\n<meta property=\"og:site_name\" content=\"AI Matters\" \/>\n<meta property=\"article:modified_time\" content=\"2026-05-07T22:49:09+00:00\" \/>\n<meta property=\"og:image\" content=\"https:\/\/es.ai-matters.eu\/wp-content\/uploads\/2026\/04\/Service20SPA50EX20-20Automatic20or20easy20programming20of20robotic20cells.webp\" \/>\n\t<meta property=\"og:image:width\" content=\"600\" \/>\n\t<meta property=\"og:image:height\" content=\"400\" \/>\n\t<meta property=\"og:image:type\" content=\"image\/webp\" \/>\n<meta name=\"twitter:card\" content=\"summary_large_image\" \/>\n<script type=\"application\/ld+json\" class=\"yoast-schema-graph\">{\"@context\":\"https:\/\/schema.org\",\"@graph\":[{\"@type\":\"WebPage\",\"@id\":\"https:\/\/es.ai-matters.eu\/en\/product\/automatic-or-easy-programming-of-robotic-cells\/\",\"url\":\"https:\/\/es.ai-matters.eu\/en\/product\/automatic-or-easy-programming-of-robotic-cells\/\",\"name\":\"Automatic or easy programming of robotic cells - AI Matters\",\"isPartOf\":{\"@id\":\"https:\/\/es.ai-matters.eu\/en\/#website\"},\"primaryImageOfPage\":{\"@id\":\"https:\/\/es.ai-matters.eu\/en\/product\/automatic-or-easy-programming-of-robotic-cells\/#primaryimage\"},\"image\":{\"@id\":\"https:\/\/es.ai-matters.eu\/en\/product\/automatic-or-easy-programming-of-robotic-cells\/#primaryimage\"},\"thumbnailUrl\":\"https:\/\/es.ai-matters.eu\/wp-content\/uploads\/2026\/04\/Service20SPA50EX20-20Automatic20or20easy20programming20of20robotic20cells-30.webp\",\"datePublished\":\"2025-02-12T15:37:17+00:00\",\"dateModified\":\"2026-05-07T22:49:09+00:00\",\"breadcrumb\":{\"@id\":\"https:\/\/es.ai-matters.eu\/en\/product\/automatic-or-easy-programming-of-robotic-cells\/#breadcrumb\"},\"inLanguage\":\"en-US\",\"potentialAction\":[{\"@type\":\"ReadAction\",\"target\":[\"https:\/\/es.ai-matters.eu\/en\/product\/automatic-or-easy-programming-of-robotic-cells\/\"]}]},{\"@type\":\"ImageObject\",\"inLanguage\":\"en-US\",\"@id\":\"https:\/\/es.ai-matters.eu\/en\/product\/automatic-or-easy-programming-of-robotic-cells\/#primaryimage\",\"url\":\"https:\/\/es.ai-matters.eu\/wp-content\/uploads\/2026\/04\/Service20SPA50EX20-20Automatic20or20easy20programming20of20robotic20cells-30.webp\",\"contentUrl\":\"https:\/\/es.ai-matters.eu\/wp-content\/uploads\/2026\/04\/Service20SPA50EX20-20Automatic20or20easy20programming20of20robotic20cells-30.webp\",\"width\":600,\"height\":400,\"caption\":\"Automatic or easy programming of robotic cells\"},{\"@type\":\"BreadcrumbList\",\"@id\":\"https:\/\/es.ai-matters.eu\/en\/product\/automatic-or-easy-programming-of-robotic-cells\/#breadcrumb\",\"itemListElement\":[{\"@type\":\"ListItem\",\"position\":1,\"name\":\"Accueil\",\"item\":\"https:\/\/es.ai-matters.eu\/en\/\"},{\"@type\":\"ListItem\",\"position\":2,\"name\":\"Shop\",\"item\":\"https:\/\/es.ai-matters.eu\/shop\/\"},{\"@type\":\"ListItem\",\"position\":3,\"name\":\"Automatic or easy programming of robotic cells\"}]},{\"@type\":\"WebSite\",\"@id\":\"https:\/\/es.ai-matters.eu\/en\/#website\",\"url\":\"https:\/\/es.ai-matters.eu\/en\/\",\"name\":\"AI Matters\",\"description\":\"\",\"publisher\":{\"@id\":\"https:\/\/es.ai-matters.eu\/en\/#organization\"},\"potentialAction\":[{\"@type\":\"SearchAction\",\"target\":{\"@type\":\"EntryPoint\",\"urlTemplate\":\"https:\/\/es.ai-matters.eu\/en\/?s={search_term_string}\"},\"query-input\":{\"@type\":\"PropertyValueSpecification\",\"valueRequired\":true,\"valueName\":\"search_term_string\"}}],\"inLanguage\":\"en-US\"},{\"@type\":\"Organization\",\"@id\":\"https:\/\/es.ai-matters.eu\/en\/#organization\",\"name\":\"AI Matters\",\"url\":\"https:\/\/es.ai-matters.eu\/en\/\",\"logo\":{\"@type\":\"ImageObject\",\"inLanguage\":\"en-US\",\"@id\":\"https:\/\/es.ai-matters.eu\/en\/#\/schema\/logo\/image\/\",\"url\":\"https:\/\/es.ai-matters.eu\/wp-content\/uploads\/2023\/03\/Ai-matters-logo.png\",\"contentUrl\":\"https:\/\/es.ai-matters.eu\/wp-content\/uploads\/2023\/03\/Ai-matters-logo.png\",\"width\":1221,\"height\":699,\"caption\":\"AI Matters\"},\"image\":{\"@id\":\"https:\/\/es.ai-matters.eu\/en\/#\/schema\/logo\/image\/\"}}]}<\/script>\n<!-- \/ Yoast SEO plugin. -->","yoast_head_json":{"title":"Automatic or easy programming of robotic cells - AI Matters","robots":{"index":"index","follow":"follow","max-snippet":"max-snippet:-1","max-image-preview":"max-image-preview:large","max-video-preview":"max-video-preview:-1"},"canonical":"https:\/\/es.ai-matters.eu\/en\/product\/automatic-or-easy-programming-of-robotic-cells\/","og_locale":"en_US","og_type":"article","og_title":"Automatic or easy programming of robotic cells - AI Matters","og_description":"Starting from a digitalised work environment in which CAD models are available, an operator, with no specific training in robot programming can enter information about the operations to be carried out, that are interpreted by a simple skills-based programming environment that reads from the CAD and generates the robot program automatically.","og_url":"https:\/\/es.ai-matters.eu\/en\/product\/automatic-or-easy-programming-of-robotic-cells\/","og_site_name":"AI Matters","article_modified_time":"2026-05-07T22:49:09+00:00","og_image":[{"width":600,"height":400,"url":"https:\/\/es.ai-matters.eu\/wp-content\/uploads\/2026\/04\/Service20SPA50EX20-20Automatic20or20easy20programming20of20robotic20cells.webp","type":"image\/webp"}],"twitter_card":"summary_large_image","schema":{"@context":"https:\/\/schema.org","@graph":[{"@type":"WebPage","@id":"https:\/\/es.ai-matters.eu\/en\/product\/automatic-or-easy-programming-of-robotic-cells\/","url":"https:\/\/es.ai-matters.eu\/en\/product\/automatic-or-easy-programming-of-robotic-cells\/","name":"Automatic or easy programming of robotic cells - AI Matters","isPartOf":{"@id":"https:\/\/es.ai-matters.eu\/en\/#website"},"primaryImageOfPage":{"@id":"https:\/\/es.ai-matters.eu\/en\/product\/automatic-or-easy-programming-of-robotic-cells\/#primaryimage"},"image":{"@id":"https:\/\/es.ai-matters.eu\/en\/product\/automatic-or-easy-programming-of-robotic-cells\/#primaryimage"},"thumbnailUrl":"https:\/\/es.ai-matters.eu\/wp-content\/uploads\/2026\/04\/Service20SPA50EX20-20Automatic20or20easy20programming20of20robotic20cells-30.webp","datePublished":"2025-02-12T15:37:17+00:00","dateModified":"2026-05-07T22:49:09+00:00","breadcrumb":{"@id":"https:\/\/es.ai-matters.eu\/en\/product\/automatic-or-easy-programming-of-robotic-cells\/#breadcrumb"},"inLanguage":"en-US","potentialAction":[{"@type":"ReadAction","target":["https:\/\/es.ai-matters.eu\/en\/product\/automatic-or-easy-programming-of-robotic-cells\/"]}]},{"@type":"ImageObject","inLanguage":"en-US","@id":"https:\/\/es.ai-matters.eu\/en\/product\/automatic-or-easy-programming-of-robotic-cells\/#primaryimage","url":"https:\/\/es.ai-matters.eu\/wp-content\/uploads\/2026\/04\/Service20SPA50EX20-20Automatic20or20easy20programming20of20robotic20cells-30.webp","contentUrl":"https:\/\/es.ai-matters.eu\/wp-content\/uploads\/2026\/04\/Service20SPA50EX20-20Automatic20or20easy20programming20of20robotic20cells-30.webp","width":600,"height":400,"caption":"Automatic or easy programming of robotic cells"},{"@type":"BreadcrumbList","@id":"https:\/\/es.ai-matters.eu\/en\/product\/automatic-or-easy-programming-of-robotic-cells\/#breadcrumb","itemListElement":[{"@type":"ListItem","position":1,"name":"Accueil","item":"https:\/\/es.ai-matters.eu\/en\/"},{"@type":"ListItem","position":2,"name":"Shop","item":"https:\/\/es.ai-matters.eu\/shop\/"},{"@type":"ListItem","position":3,"name":"Automatic or easy programming of robotic cells"}]},{"@type":"WebSite","@id":"https:\/\/es.ai-matters.eu\/en\/#website","url":"https:\/\/es.ai-matters.eu\/en\/","name":"AI Matters","description":"","publisher":{"@id":"https:\/\/es.ai-matters.eu\/en\/#organization"},"potentialAction":[{"@type":"SearchAction","target":{"@type":"EntryPoint","urlTemplate":"https:\/\/es.ai-matters.eu\/en\/?s={search_term_string}"},"query-input":{"@type":"PropertyValueSpecification","valueRequired":true,"valueName":"search_term_string"}}],"inLanguage":"en-US"},{"@type":"Organization","@id":"https:\/\/es.ai-matters.eu\/en\/#organization","name":"AI Matters","url":"https:\/\/es.ai-matters.eu\/en\/","logo":{"@type":"ImageObject","inLanguage":"en-US","@id":"https:\/\/es.ai-matters.eu\/en\/#\/schema\/logo\/image\/","url":"https:\/\/es.ai-matters.eu\/wp-content\/uploads\/2023\/03\/Ai-matters-logo.png","contentUrl":"https:\/\/es.ai-matters.eu\/wp-content\/uploads\/2023\/03\/Ai-matters-logo.png","width":1221,"height":699,"caption":"AI Matters"},"image":{"@id":"https:\/\/es.ai-matters.eu\/en\/#\/schema\/logo\/image\/"}}]}},"wpml_current_locale":"en_US","wpml_translations":{"es_ES":{"locale":"es_ES","id":2967,"slug":"programacion-automatica-o-facil-de-celdas-roboticas","post_title":"Programaci\u00f3n autom\u00e1tica o f\u00e1cil de celdas rob\u00f3ticas","href":"https:\/\/es.ai-matters.eu\/product\/programacion-automatica-o-facil-de-celdas-roboticas\/"}},"_links":{"self":[{"href":"https:\/\/es.ai-matters.eu\/en\/wp-json\/wp\/v2\/product\/3040","targetHints":{"allow":["GET"]}}],"collection":[{"href":"https:\/\/es.ai-matters.eu\/en\/wp-json\/wp\/v2\/product"}],"about":[{"href":"https:\/\/es.ai-matters.eu\/en\/wp-json\/wp\/v2\/types\/product"}],"replies":[{"embeddable":true,"href":"https:\/\/es.ai-matters.eu\/en\/wp-json\/wp\/v2\/comments?post=3040"}],"wp:featuredmedia":[{"embeddable":true,"href":"https:\/\/es.ai-matters.eu\/en\/wp-json\/wp\/v2\/media\/7496"}],"wp:attachment":[{"href":"https:\/\/es.ai-matters.eu\/en\/wp-json\/wp\/v2\/media?parent=3040"}],"wp:term":[{"taxonomy":"product_brand","embeddable":true,"href":"https:\/\/es.ai-matters.eu\/en\/wp-json\/wp\/v2\/product_brand?post=3040"},{"taxonomy":"product_cat","embeddable":true,"href":"https:\/\/es.ai-matters.eu\/en\/wp-json\/wp\/v2\/product_cat?post=3040"},{"taxonomy":"product_tag","embeddable":true,"href":"https:\/\/es.ai-matters.eu\/en\/wp-json\/wp\/v2\/product_tag?post=3040"}],"curies":[{"name":"wp","href":"https:\/\/api.w.org\/{rel}","templated":true}]}}