{"id":3039,"date":"2025-02-12T16:37:17","date_gmt":"2025-02-12T15:37:17","guid":{"rendered":"https:\/\/es.ai-matters.eu\/?post_type=product&#038;p=3039"},"modified":"2026-05-08T00:48:18","modified_gmt":"2026-05-07T22:48:18","slug":"human-robot-interaction-safe-environment-monitoring-and-collaborative-robotics","status":"publish","type":"product","link":"https:\/\/es.ai-matters.eu\/en\/product\/human-robot-interaction-safe-environment-monitoring-and-collaborative-robotics\/","title":{"rendered":"Human-Robot Interaction, Safe Environment Monitoring and Collaborative Robotics"},"content":{"rendered":"<p>Establishing bidirectional communication between humans and robots\u2014through natural language processing, gesture recognition, and multimodal interaction\u2014enables collaborative task execution in shared operational environments. This includes the implementation of safety-critical systems such as proximity detection, motion prediction, and real-time collision avoidance, in accordance with industrial safety standards. The integration of sensor fusion, contextual awareness, and adaptive control ensures safe, intuitive, and efficient human-robot interaction in dynamic workspaces where both agents operate simultaneously.<\/p>\n","protected":false},"excerpt":{"rendered":"<p>Establishing bidirectional communication between humans and robots\u2014through natural language processing, gesture recognition, and multimodal interaction\u2014enables collaborative task execution in shared operational environments. This includes the implementation of safety-critical systems such as proximity detection, motion prediction, and real-time collision avoidance, in accordance with industrial safety standards. The integration of sensor fusion, contextual awareness, and adaptive control [&hellip;]<\/p>\n","protected":false},"featured_media":2643,"comment_status":"open","ping_status":"closed","template":"","meta":{"_acf_changed":false},"product_brand":[],"product_cat":[116],"product_tag":[108],"class_list":{"0":"post-3039","1":"product","2":"type-product","3":"status-publish","4":"has-post-thumbnail","6":"product_cat-ai-matters-services","7":"product_tag-spain","9":"first","10":"instock","11":"shipping-taxable","12":"product-type-simple"},"acf":[],"yoast_head":"<!-- This site is optimized with the Yoast SEO plugin v27.2 - https:\/\/yoast.com\/product\/yoast-seo-wordpress\/ -->\n<title>Human-Robot Interaction, Safe Environment Monitoring and Collaborative Robotics - AI Matters<\/title>\n<meta name=\"robots\" content=\"index, follow, max-snippet:-1, max-image-preview:large, max-video-preview:-1\" \/>\n<link rel=\"canonical\" href=\"https:\/\/es.ai-matters.eu\/en\/product\/human-robot-interaction-safe-environment-monitoring-and-collaborative-robotics\/\" \/>\n<meta property=\"og:locale\" content=\"en_US\" \/>\n<meta property=\"og:type\" content=\"article\" \/>\n<meta property=\"og:title\" content=\"Human-Robot Interaction, Safe Environment Monitoring and Collaborative Robotics - AI Matters\" \/>\n<meta property=\"og:description\" content=\"Establishing bidirectional communication between humans and robots\u2014through natural language processing, gesture recognition, and multimodal interaction\u2014enables collaborative task execution in shared operational environments. This includes the implementation of safety-critical systems such as proximity detection, motion prediction, and real-time collision avoidance, in accordance with industrial safety standards. The integration of sensor fusion, contextual awareness, and adaptive control [&hellip;]\" \/>\n<meta property=\"og:url\" content=\"https:\/\/es.ai-matters.eu\/en\/product\/human-robot-interaction-safe-environment-monitoring-and-collaborative-robotics\/\" \/>\n<meta property=\"og:site_name\" content=\"AI Matters\" \/>\n<meta property=\"article:modified_time\" content=\"2026-05-07T22:48:18+00:00\" \/>\n<meta property=\"og:image\" content=\"https:\/\/es.ai-matters.eu\/wp-content\/uploads\/2024\/09\/TECNALIA_CollaborativeRobot_HRInteraction_SafeEnvironments.jpg\" \/>\n\t<meta property=\"og:image:width\" content=\"1024\" \/>\n\t<meta property=\"og:image:height\" content=\"1024\" \/>\n\t<meta property=\"og:image:type\" content=\"image\/jpeg\" \/>\n<meta name=\"twitter:card\" content=\"summary_large_image\" \/>\n<script type=\"application\/ld+json\" class=\"yoast-schema-graph\">{\"@context\":\"https:\/\/schema.org\",\"@graph\":[{\"@type\":\"WebPage\",\"@id\":\"https:\/\/es.ai-matters.eu\/en\/product\/human-robot-interaction-safe-environment-monitoring-and-collaborative-robotics\/\",\"url\":\"https:\/\/es.ai-matters.eu\/en\/product\/human-robot-interaction-safe-environment-monitoring-and-collaborative-robotics\/\",\"name\":\"Human-Robot Interaction, Safe Environment Monitoring and Collaborative Robotics - AI Matters\",\"isPartOf\":{\"@id\":\"https:\/\/es.ai-matters.eu\/en\/#website\"},\"primaryImageOfPage\":{\"@id\":\"https:\/\/es.ai-matters.eu\/en\/product\/human-robot-interaction-safe-environment-monitoring-and-collaborative-robotics\/#primaryimage\"},\"image\":{\"@id\":\"https:\/\/es.ai-matters.eu\/en\/product\/human-robot-interaction-safe-environment-monitoring-and-collaborative-robotics\/#primaryimage\"},\"thumbnailUrl\":\"https:\/\/es.ai-matters.eu\/wp-content\/uploads\/2024\/09\/TECNALIA_CollaborativeRobot_HRInteraction_SafeEnvironments.jpg\",\"datePublished\":\"2025-02-12T15:37:17+00:00\",\"dateModified\":\"2026-05-07T22:48:18+00:00\",\"breadcrumb\":{\"@id\":\"https:\/\/es.ai-matters.eu\/en\/product\/human-robot-interaction-safe-environment-monitoring-and-collaborative-robotics\/#breadcrumb\"},\"inLanguage\":\"en-US\",\"potentialAction\":[{\"@type\":\"ReadAction\",\"target\":[\"https:\/\/es.ai-matters.eu\/en\/product\/human-robot-interaction-safe-environment-monitoring-and-collaborative-robotics\/\"]}]},{\"@type\":\"ImageObject\",\"inLanguage\":\"en-US\",\"@id\":\"https:\/\/es.ai-matters.eu\/en\/product\/human-robot-interaction-safe-environment-monitoring-and-collaborative-robotics\/#primaryimage\",\"url\":\"https:\/\/es.ai-matters.eu\/wp-content\/uploads\/2024\/09\/TECNALIA_CollaborativeRobot_HRInteraction_SafeEnvironments.jpg\",\"contentUrl\":\"https:\/\/es.ai-matters.eu\/wp-content\/uploads\/2024\/09\/TECNALIA_CollaborativeRobot_HRInteraction_SafeEnvironments.jpg\",\"width\":1024,\"height\":1024},{\"@type\":\"BreadcrumbList\",\"@id\":\"https:\/\/es.ai-matters.eu\/en\/product\/human-robot-interaction-safe-environment-monitoring-and-collaborative-robotics\/#breadcrumb\",\"itemListElement\":[{\"@type\":\"ListItem\",\"position\":1,\"name\":\"Accueil\",\"item\":\"https:\/\/es.ai-matters.eu\/en\/\"},{\"@type\":\"ListItem\",\"position\":2,\"name\":\"Shop\",\"item\":\"https:\/\/es.ai-matters.eu\/shop\/\"},{\"@type\":\"ListItem\",\"position\":3,\"name\":\"Human-Robot Interaction, Safe Environment Monitoring and Collaborative Robotics\"}]},{\"@type\":\"WebSite\",\"@id\":\"https:\/\/es.ai-matters.eu\/en\/#website\",\"url\":\"https:\/\/es.ai-matters.eu\/en\/\",\"name\":\"AI Matters\",\"description\":\"\",\"publisher\":{\"@id\":\"https:\/\/es.ai-matters.eu\/en\/#organization\"},\"potentialAction\":[{\"@type\":\"SearchAction\",\"target\":{\"@type\":\"EntryPoint\",\"urlTemplate\":\"https:\/\/es.ai-matters.eu\/en\/?s={search_term_string}\"},\"query-input\":{\"@type\":\"PropertyValueSpecification\",\"valueRequired\":true,\"valueName\":\"search_term_string\"}}],\"inLanguage\":\"en-US\"},{\"@type\":\"Organization\",\"@id\":\"https:\/\/es.ai-matters.eu\/en\/#organization\",\"name\":\"AI Matters\",\"url\":\"https:\/\/es.ai-matters.eu\/en\/\",\"logo\":{\"@type\":\"ImageObject\",\"inLanguage\":\"en-US\",\"@id\":\"https:\/\/es.ai-matters.eu\/en\/#\/schema\/logo\/image\/\",\"url\":\"https:\/\/es.ai-matters.eu\/wp-content\/uploads\/2023\/03\/Ai-matters-logo.png\",\"contentUrl\":\"https:\/\/es.ai-matters.eu\/wp-content\/uploads\/2023\/03\/Ai-matters-logo.png\",\"width\":1221,\"height\":699,\"caption\":\"AI Matters\"},\"image\":{\"@id\":\"https:\/\/es.ai-matters.eu\/en\/#\/schema\/logo\/image\/\"}}]}<\/script>\n<!-- \/ Yoast SEO plugin. -->","yoast_head_json":{"title":"Human-Robot Interaction, Safe Environment Monitoring and Collaborative Robotics - AI Matters","robots":{"index":"index","follow":"follow","max-snippet":"max-snippet:-1","max-image-preview":"max-image-preview:large","max-video-preview":"max-video-preview:-1"},"canonical":"https:\/\/es.ai-matters.eu\/en\/product\/human-robot-interaction-safe-environment-monitoring-and-collaborative-robotics\/","og_locale":"en_US","og_type":"article","og_title":"Human-Robot Interaction, Safe Environment Monitoring and Collaborative Robotics - AI Matters","og_description":"Establishing bidirectional communication between humans and robots\u2014through natural language processing, gesture recognition, and multimodal interaction\u2014enables collaborative task execution in shared operational environments. This includes the implementation of safety-critical systems such as proximity detection, motion prediction, and real-time collision avoidance, in accordance with industrial safety standards. The integration of sensor fusion, contextual awareness, and adaptive control [&hellip;]","og_url":"https:\/\/es.ai-matters.eu\/en\/product\/human-robot-interaction-safe-environment-monitoring-and-collaborative-robotics\/","og_site_name":"AI Matters","article_modified_time":"2026-05-07T22:48:18+00:00","og_image":[{"width":1024,"height":1024,"url":"https:\/\/es.ai-matters.eu\/wp-content\/uploads\/2024\/09\/TECNALIA_CollaborativeRobot_HRInteraction_SafeEnvironments.jpg","type":"image\/jpeg"}],"twitter_card":"summary_large_image","schema":{"@context":"https:\/\/schema.org","@graph":[{"@type":"WebPage","@id":"https:\/\/es.ai-matters.eu\/en\/product\/human-robot-interaction-safe-environment-monitoring-and-collaborative-robotics\/","url":"https:\/\/es.ai-matters.eu\/en\/product\/human-robot-interaction-safe-environment-monitoring-and-collaborative-robotics\/","name":"Human-Robot Interaction, Safe Environment Monitoring and Collaborative Robotics - AI Matters","isPartOf":{"@id":"https:\/\/es.ai-matters.eu\/en\/#website"},"primaryImageOfPage":{"@id":"https:\/\/es.ai-matters.eu\/en\/product\/human-robot-interaction-safe-environment-monitoring-and-collaborative-robotics\/#primaryimage"},"image":{"@id":"https:\/\/es.ai-matters.eu\/en\/product\/human-robot-interaction-safe-environment-monitoring-and-collaborative-robotics\/#primaryimage"},"thumbnailUrl":"https:\/\/es.ai-matters.eu\/wp-content\/uploads\/2024\/09\/TECNALIA_CollaborativeRobot_HRInteraction_SafeEnvironments.jpg","datePublished":"2025-02-12T15:37:17+00:00","dateModified":"2026-05-07T22:48:18+00:00","breadcrumb":{"@id":"https:\/\/es.ai-matters.eu\/en\/product\/human-robot-interaction-safe-environment-monitoring-and-collaborative-robotics\/#breadcrumb"},"inLanguage":"en-US","potentialAction":[{"@type":"ReadAction","target":["https:\/\/es.ai-matters.eu\/en\/product\/human-robot-interaction-safe-environment-monitoring-and-collaborative-robotics\/"]}]},{"@type":"ImageObject","inLanguage":"en-US","@id":"https:\/\/es.ai-matters.eu\/en\/product\/human-robot-interaction-safe-environment-monitoring-and-collaborative-robotics\/#primaryimage","url":"https:\/\/es.ai-matters.eu\/wp-content\/uploads\/2024\/09\/TECNALIA_CollaborativeRobot_HRInteraction_SafeEnvironments.jpg","contentUrl":"https:\/\/es.ai-matters.eu\/wp-content\/uploads\/2024\/09\/TECNALIA_CollaborativeRobot_HRInteraction_SafeEnvironments.jpg","width":1024,"height":1024},{"@type":"BreadcrumbList","@id":"https:\/\/es.ai-matters.eu\/en\/product\/human-robot-interaction-safe-environment-monitoring-and-collaborative-robotics\/#breadcrumb","itemListElement":[{"@type":"ListItem","position":1,"name":"Accueil","item":"https:\/\/es.ai-matters.eu\/en\/"},{"@type":"ListItem","position":2,"name":"Shop","item":"https:\/\/es.ai-matters.eu\/shop\/"},{"@type":"ListItem","position":3,"name":"Human-Robot Interaction, Safe Environment Monitoring and Collaborative Robotics"}]},{"@type":"WebSite","@id":"https:\/\/es.ai-matters.eu\/en\/#website","url":"https:\/\/es.ai-matters.eu\/en\/","name":"AI Matters","description":"","publisher":{"@id":"https:\/\/es.ai-matters.eu\/en\/#organization"},"potentialAction":[{"@type":"SearchAction","target":{"@type":"EntryPoint","urlTemplate":"https:\/\/es.ai-matters.eu\/en\/?s={search_term_string}"},"query-input":{"@type":"PropertyValueSpecification","valueRequired":true,"valueName":"search_term_string"}}],"inLanguage":"en-US"},{"@type":"Organization","@id":"https:\/\/es.ai-matters.eu\/en\/#organization","name":"AI Matters","url":"https:\/\/es.ai-matters.eu\/en\/","logo":{"@type":"ImageObject","inLanguage":"en-US","@id":"https:\/\/es.ai-matters.eu\/en\/#\/schema\/logo\/image\/","url":"https:\/\/es.ai-matters.eu\/wp-content\/uploads\/2023\/03\/Ai-matters-logo.png","contentUrl":"https:\/\/es.ai-matters.eu\/wp-content\/uploads\/2023\/03\/Ai-matters-logo.png","width":1221,"height":699,"caption":"AI Matters"},"image":{"@id":"https:\/\/es.ai-matters.eu\/en\/#\/schema\/logo\/image\/"}}]}},"wpml_current_locale":"en_US","wpml_translations":{"es_ES":{"locale":"es_ES","id":2966,"slug":"interaccion-humano-robot-monitorizacion-de-entorno-seguro-y-robotica-colaborativa","post_title":"Interacci\u00f3n humano-robot, monitorizaci\u00f3n de entorno seguro y rob\u00f3tica colaborativa","href":"https:\/\/es.ai-matters.eu\/product\/interaccion-humano-robot-monitorizacion-de-entorno-seguro-y-robotica-colaborativa\/"}},"_links":{"self":[{"href":"https:\/\/es.ai-matters.eu\/en\/wp-json\/wp\/v2\/product\/3039","targetHints":{"allow":["GET"]}}],"collection":[{"href":"https:\/\/es.ai-matters.eu\/en\/wp-json\/wp\/v2\/product"}],"about":[{"href":"https:\/\/es.ai-matters.eu\/en\/wp-json\/wp\/v2\/types\/product"}],"replies":[{"embeddable":true,"href":"https:\/\/es.ai-matters.eu\/en\/wp-json\/wp\/v2\/comments?post=3039"}],"wp:featuredmedia":[{"embeddable":true,"href":"https:\/\/es.ai-matters.eu\/en\/wp-json\/wp\/v2\/media\/2643"}],"wp:attachment":[{"href":"https:\/\/es.ai-matters.eu\/en\/wp-json\/wp\/v2\/media?parent=3039"}],"wp:term":[{"taxonomy":"product_brand","embeddable":true,"href":"https:\/\/es.ai-matters.eu\/en\/wp-json\/wp\/v2\/product_brand?post=3039"},{"taxonomy":"product_cat","embeddable":true,"href":"https:\/\/es.ai-matters.eu\/en\/wp-json\/wp\/v2\/product_cat?post=3039"},{"taxonomy":"product_tag","embeddable":true,"href":"https:\/\/es.ai-matters.eu\/en\/wp-json\/wp\/v2\/product_tag?post=3039"}],"curies":[{"name":"wp","href":"https:\/\/api.w.org\/{rel}","templated":true}]}}